{"id":1462,"date":"2023-08-01T15:12:36","date_gmt":"2023-08-01T13:12:36","guid":{"rendered":"https:\/\/purefluence.agency\/services\/press-relations\/"},"modified":"2026-02-18T15:01:03","modified_gmt":"2026-02-18T14:01:03","slug":"press-relations","status":"publish","type":"page","link":"https:\/\/purefluence.agency\/fr\/services\/press-relations\/","title":{"rendered":"Relations presse"},"content":{"rendered":"<section class=\"wpb-content-wrapper\"><p>[vc_row css_animation=\u00a0\u00bb\u00a0\u00bb row_type=\u00a0\u00bbrow\u00a0\u00bb use_row_as_full_screen_section=\u00a0\u00bbno\u00a0\u00bb type=\u00a0\u00bbgrid\u00a0\u00bb angled_section=\u00a0\u00bbno\u00a0\u00bb text_align=\u00a0\u00bbleft\u00a0\u00bb background_image_as_pattern=\u00a0\u00bbwithout_pattern\u00a0\u00bb z_index=\u00a0\u00bb\u00a0\u00bb][vc_column][vc_empty_space][\/vc_column][\/vc_row][vc_row css_animation=\u00a0\u00bb\u00a0\u00bb row_type=\u00a0\u00bbrow\u00a0\u00bb use_row_as_full_screen_section=\u00a0\u00bbno\u00a0\u00bb type=\u00a0\u00bbgrid\u00a0\u00bb angled_section=\u00a0\u00bbno\u00a0\u00bb text_align=\u00a0\u00bbleft\u00a0\u00bb background_image_as_pattern=\u00a0\u00bbwithout_pattern\u00a0\u00bb z_index=\u00a0\u00bb\u00a0\u00bb][vc_column][vc_column_text]<\/p>\n<h1 style=\"text-align: center;\">Relations presse<\/h1>\n<p>[\/vc_column_text][vc_empty_space height=\u00a0\u00bb50px\u00a0\u00bb][\/vc_column][\/vc_row][vc_row css_animation=\u00a0\u00bb\u00a0\u00bb row_type=\u00a0\u00bbrow\u00a0\u00bb use_row_as_full_screen_section=\u00a0\u00bbno\u00a0\u00bb type=\u00a0\u00bbgrid\u00a0\u00bb angled_section=\u00a0\u00bbno\u00a0\u00bb text_align=\u00a0\u00bbleft\u00a0\u00bb background_image_as_pattern=\u00a0\u00bbwithout_pattern\u00a0\u00bb z_index=\u00a0\u00bb\u00a0\u00bb][vc_column][vc_row_inner row_type=\u00a0\u00bbrow\u00a0\u00bb type=\u00a0\u00bbfull_width\u00a0\u00bb text_align=\u00a0\u00bbleft\u00a0\u00bb css_animation=\u00a0\u00bb\u00a0\u00bb][vc_column_inner width=\u00a0\u00bb1\/4&Prime;][\/vc_column_inner][vc_column_inner width=\u00a0\u00bb1\/2&Prime; css=\u00a0\u00bb.vc_custom_1691501560667{border-top-width: 3px !important;border-right-width: 3px !important;border-bottom-width: 3px !important;border-left-width: 3px !important;padding-top: 25px !important;padding-right: 25px !important;padding-bottom: 25px !important;padding-left: 25px !important;border-left-color: #ffa07a !important;border-left-style: solid !important;border-right-color: #ffa07a !important;border-right-style: solid !important;border-top-color: #ffa07a !important;border-top-style: solid !important;border-bottom-color: #ffa07a !important;border-bottom-style: solid !important;}\u00a0\u00bb][vc_column_text]<\/p>\n<h3>Vos d\u00e9fis<\/h3>\n<ul>\n<li>Sensibiliser les bons m\u00e9dias et journalistes<\/li>\n<li>Planifier vos actions au meilleur moment<\/li>\n<li>Pertinence et impact<\/li>\n<li>Cr\u00e9er des relations<\/li>\n<\/ul>\n<p>[\/vc_column_text][\/vc_column_inner][vc_column_inner width=\u00a0\u00bb1\/4&Prime;][\/vc_column_inner][\/vc_row_inner][\/vc_column][\/vc_row][vc_row css_animation=\u00a0\u00bb\u00a0\u00bb row_type=\u00a0\u00bbrow\u00a0\u00bb use_row_as_full_screen_section=\u00a0\u00bbno\u00a0\u00bb type=\u00a0\u00bbgrid\u00a0\u00bb angled_section=\u00a0\u00bbno\u00a0\u00bb text_align=\u00a0\u00bbleft\u00a0\u00bb background_image_as_pattern=\u00a0\u00bbwithout_pattern\u00a0\u00bb z_index=\u00a0\u00bb\u00a0\u00bb css=\u00a0\u00bb.vc_custom_1695196789413{background-image: url(https:\/\/purefluence.agency\/wp-content\/uploads\/2023\/09\/Microphone-1.png?id=1374) !important;background-position: center !important;background-repeat: no-repeat !important;background-size: cover !important;}\u00a0\u00bb el_class=\u00a0\u00bbmicro-bg\u00a0\u00bb][vc_column][vc_empty_space height=\u00a0\u00bb50px\u00a0\u00bb][qode_elements_holder number_of_columns=\u00a0\u00bbtwo_columns\u00a0\u00bb columns_proportion=\u00a0\u00bb33_66&Prime;][qode_elements_holder_item advanced_animations=\u00a0\u00bbno\u00a0\u00bb item_padding=\u00a0\u00bb15px\u00a0\u00bb][vc_column_text]<\/p>\n<h2 style=\"text-align: center;\">Strat\u00e9gie de relations presse<\/h2>\n<p>[\/vc_column_text][\/qode_elements_holder_item][qode_elements_holder_item advanced_animations=\u00a0\u00bbno\u00a0\u00bb item_padding=\u00a0\u00bb15px\u00a0\u00bb][vc_column_text]Notre approche strat\u00e9gique des relations presse \u00a0a pour objectif de <strong><span style=\"color: #ffa07a;\">positionner<\/span> <\/strong>votre entreprise dans les m\u00e9dias et de communiquer efficacement vos messages cl\u00e9s \u00e0 vos publics cibles. Nous \u00e9laborons des <strong><span style=\"color: #ffa07a;\">messages<\/span> <\/strong>clairs et <span style=\"color: #ffa07a;\"><strong>coh\u00e9rents<\/strong>,<\/span> identifions les m\u00e9dias et les journalistes cl\u00e9s et \u00e9tablissons des <span style=\"color: #ffa07a;\"><strong>relations durables avec nos diff\u00e9rents contacts<\/strong><\/span>. Nous travaillons en \u00e9troite collaboration avec vous pour \u00e9laborer une strat\u00e9gie de relations presse sur mesure qui permettra \u00e0 votre entreprise de se <strong><span style=\"color: #ffa07a;\">d\u00e9marquer<\/span> <\/strong>dans les m\u00e9dias.[\/vc_column_text][\/qode_elements_holder_item][\/qode_elements_holder][vc_empty_space height=\u00a0\u00bb75px\u00a0\u00bb][qode_elements_holder number_of_columns=\u00a0\u00bbtwo_columns\u00a0\u00bb columns_proportion=\u00a0\u00bb33_66&Prime;][qode_elements_holder_item advanced_animations=\u00a0\u00bbno\u00a0\u00bb item_padding=\u00a0\u00bb15px\u00a0\u00bb][vc_column_text]<\/p>\n<h2 style=\"text-align: center;\">Communiqu\u00e9s de presse<\/h2>\n<p>[\/vc_column_text][\/qode_elements_holder_item][qode_elements_holder_item advanced_animations=\u00a0\u00bbno\u00a0\u00bb item_padding=\u00a0\u00bb15px\u00a0\u00bb][vc_column_text]Nous r\u00e9digeons des <span style=\"color: #ffa07a;\"><strong>communiqu\u00e9s de presse <\/strong><\/span>qui captent l&rsquo;attention des m\u00e9dias et valorisent votre actualit\u00e9 de mani\u00e8re cr\u00e9ative et impactante. N veillons \u00e0 communiquer vos <strong><span style=\"color: #ffa07a;\">messages cl\u00e9s, dans le respect de votre style et de vos valeurs<\/span>, <\/strong>et avec un maximum d\u2019efficacit\u00e9. Les communiqu\u00e9s de presse vous permettent de <strong><span style=\"color: #ffa07a;\">promouvoir<\/span> <\/strong>votre marque ou votre entreprise, \u00e0 <strong><span style=\"color: #ffa07a;\">accro\u00eetre votre<\/span> <span style=\"color: #ffa07a;\">visibilit\u00e9<\/span> <\/strong>dans les m\u00e9dias et \u00e0 attirer l&rsquo;attention de clients ou d&rsquo;investisseurs potentiels.[\/vc_column_text][\/qode_elements_holder_item][\/qode_elements_holder][vc_empty_space height=\u00a0\u00bb75px\u00a0\u00bb][qode_elements_holder number_of_columns=\u00a0\u00bbtwo_columns\u00a0\u00bb columns_proportion=\u00a0\u00bb33_66&Prime;][qode_elements_holder_item advanced_animations=\u00a0\u00bbno\u00a0\u00bb item_padding=\u00a0\u00bb15px\u00a0\u00bb][vc_column_text]<\/p>\n<h2 style=\"text-align: center;\">\u00c9v\u00e9nements et voyages de presse<\/h2>\n<p>[\/vc_column_text][\/qode_elements_holder_item][qode_elements_holder_item advanced_animations=\u00a0\u00bbno\u00a0\u00bb item_padding=\u00a0\u00bb15px\u00a0\u00bb][vc_column_text]PureFluence \u00e9labore le concept et cr\u00e9e des \u00a0<span style=\"color: #ffa07a;\"><strong>voyages de presse <\/strong><\/span>et des <span style=\"color: #ffa07a;\"><strong>\u00e9v\u00e9nements sur mesure <\/strong><\/span>pour accro\u00eetre votre pr\u00e9sence et votre <strong><span style=\"color: #ffa07a;\">notori\u00e9t\u00e9<\/span> <\/strong>dans les m\u00e9dias. Ces moments particuliers permettent aux journalistes de vivre des exp\u00e9riences uniques et de s\u2019immerger davantage dans votre univers, de d\u00e9couvrir vos produits par les diff\u00e9rents sens, en faisant appel \u00e0 des \u00e9motions. Nous planifions vos \u00e9v\u00e9nements en fonction de vos objectifs et de vos publics cibles, , en parfaite ad\u00e9quation avec vos valeurs, les tendances et ce que la presse recherche.[\/vc_column_text][\/qode_elements_holder_item][\/qode_elements_holder][vc_empty_space height=\u00a0\u00bb75px\u00a0\u00bb][qode_elements_holder number_of_columns=\u00a0\u00bbtwo_columns\u00a0\u00bb columns_proportion=\u00a0\u00bb33_66&Prime;][qode_elements_holder_item advanced_animations=\u00a0\u00bbno\u00a0\u00bb item_padding=\u00a0\u00bb15px\u00a0\u00bb][vc_column_text]<\/p>\n<h2 style=\"text-align: center;\">Contacts presse<\/h2>\n<p>[\/vc_column_text][\/qode_elements_holder_item][qode_elements_holder_item advanced_animations=\u00a0\u00bbno\u00a0\u00bb item_padding=\u00a0\u00bb15px\u00a0\u00bb][vc_column_text]Les contacts r\u00e9guliers, complices et pertinents avec la presse sont essentiels \u00e0 toute strat\u00e9gie de relations publiques efficace. Notre \u00e9quipe de consultants \u00a0<strong><span style=\"color: #ffa07a;\">\u00e9tablit<\/span> <\/strong>et <span style=\"color: #ffa07a;\"><strong>entretient ce type de contacts <\/strong><\/span>avec des journalistes, des r\u00e9dacteurs en chef et des personnes influentes dans votre secteur d&rsquo;activit\u00e9. Nous \u00e9tablissons des <span style=\"color: #ffa07a;\"><strong>relations durables <\/strong><\/span>avec ces contacts afin de faire passer votre message de mani\u00e8re ad\u00e9quate et de placer votre entreprise dans le paysage m\u00e9diatique. Qu&rsquo;il s&rsquo;agisse de r\u00e9pondre \u00e0 des <span style=\"color: #ffa07a;\"><strong>questions<\/strong>,<\/span> d&rsquo;organiser des <strong><span style=\"color: #ffa07a;\">interviews<\/span> <\/strong>ou de r\u00e9diger des <span style=\"color: #ffa07a;\"><strong>articles d&rsquo;opinion<\/strong><\/span>, nous sommes l\u00e0 pour vous aider \u00e0 nouer des relations pr\u00e9cieuses avec le monde des m\u00e9dias..[\/vc_column_text][\/qode_elements_holder_item][\/qode_elements_holder][vc_empty_space height=\u00a0\u00bb100px\u00a0\u00bb][vc_row_inner row_type=\u00a0\u00bbrow\u00a0\u00bb type=\u00a0\u00bbfull_width\u00a0\u00bb text_align=\u00a0\u00bbleft\u00a0\u00bb css_animation=\u00a0\u00bb\u00a0\u00bb][vc_column_inner width=\u00a0\u00bb1\/4&Prime; offset=\u00a0\u00bbvc_hidden-lg vc_hidden-md vc_hidden-sm vc_hidden-xs\u00a0\u00bb][\/vc_column_inner][vc_column_inner width=\u00a0\u00bb1\/2&Prime; css=\u00a0\u00bb.vc_custom_1771423189066{padding-top: 20px !important;padding-bottom: 35px !important;background-color: #191970 !important;}\u00a0\u00bb offset=\u00a0\u00bbvc_hidden-lg vc_hidden-md vc_hidden-sm vc_hidden-xs\u00a0\u00bb][vc_column_text el_class=\u00a0\u00bbtekst-wit\u00a0\u00bb]<\/p>\n<p style=\"text-align: center;\"><a href=\"\/fr\/download-brochure\/?brochures=PressRelations\">T\u00e9l\u00e9chargez<br \/>\nla brochure de nos relations presse<\/a><\/p>\n<p>[\/vc_column_text][\/vc_column_inner][vc_column_inner width=\u00a0\u00bb1\/4&Prime; offset=\u00a0\u00bbvc_hidden-lg vc_hidden-md vc_hidden-sm vc_hidden-xs\u00a0\u00bb][\/vc_column_inner][\/vc_row_inner][vc_empty_space height=\u00a0\u00bb100px\u00a0\u00bb][\/vc_column][\/vc_row]<\/p>\n<\/section>","protected":false},"excerpt":{"rendered":"<p>[vc_row css_animation=\u00a0\u00bb\u00a0\u00bb row_type=\u00a0\u00bbrow\u00a0\u00bb use_row_as_full_screen_section=\u00a0\u00bbno\u00a0\u00bb type=\u00a0\u00bbgrid\u00a0\u00bb angled_section=\u00a0\u00bbno\u00a0\u00bb text_align=\u00a0\u00bbleft\u00a0\u00bb background_image_as_pattern=\u00a0\u00bbwithout_pattern\u00a0\u00bb z_index=\u00a0\u00bb\u00a0\u00bb][vc_column][vc_empty_space][\/vc_column][\/vc_row][vc_row css_animation=\u00a0\u00bb\u00a0\u00bb row_type=\u00a0\u00bbrow\u00a0\u00bb use_row_as_full_screen_section=\u00a0\u00bbno\u00a0\u00bb type=\u00a0\u00bbgrid\u00a0\u00bb angled_section=\u00a0\u00bbno\u00a0\u00bb text_align=\u00a0\u00bbleft\u00a0\u00bb background_image_as_pattern=\u00a0\u00bbwithout_pattern\u00a0\u00bb z_index=\u00a0\u00bb\u00a0\u00bb][vc_column][vc_column_text] Relations presse [\/vc_column_text][vc_empty_space height=\u00a0\u00bb50px\u00a0\u00bb][\/vc_column][\/vc_row][vc_row css_animation=\u00a0\u00bb\u00a0\u00bb row_type=\u00a0\u00bbrow\u00a0\u00bb use_row_as_full_screen_section=\u00a0\u00bbno\u00a0\u00bb type=\u00a0\u00bbgrid\u00a0\u00bb angled_section=\u00a0\u00bbno\u00a0\u00bb text_align=\u00a0\u00bbleft\u00a0\u00bb background_image_as_pattern=\u00a0\u00bbwithout_pattern\u00a0\u00bb z_index=\u00a0\u00bb\u00a0\u00bb][vc_column][vc_row_inner row_type=\u00a0\u00bbrow\u00a0\u00bb type=\u00a0\u00bbfull_width\u00a0\u00bb text_align=\u00a0\u00bbleft\u00a0\u00bb css_animation=\u00a0\u00bb\u00a0\u00bb][vc_column_inner width=\u00a0\u00bb1\/4&Prime;][\/vc_column_inner][vc_column_inner width=\u00a0\u00bb1\/2&Prime; css=\u00a0\u00bb.vc_custom_1691501560667{border-top-width: 3px !important;border-right-width: 3px !important;border-bottom-width: 3px !important;border-left-width: 3px !important;padding-top: 25px&#8230;<\/p>\n","protected":false},"author":1,"featured_media":0,"parent":1428,"menu_order":0,"comment_status":"closed","ping_status":"closed","template":"full_width.php","meta":{"inline_featured_image":false,"footnotes":""},"class_list":["post-1462","page","type-page","status-publish","hentry"],"_links":{"self":[{"href":"https:\/\/purefluence.agency\/fr\/wp-json\/wp\/v2\/pages\/1462","targetHints":{"allow":["GET"]}}],"collection":[{"href":"https:\/\/purefluence.agency\/fr\/wp-json\/wp\/v2\/pages"}],"about":[{"href":"https:\/\/purefluence.agency\/fr\/wp-json\/wp\/v2\/types\/page"}],"author":[{"embeddable":true,"href":"https:\/\/purefluence.agency\/fr\/wp-json\/wp\/v2\/users\/1"}],"replies":[{"embeddable":true,"href":"https:\/\/purefluence.agency\/fr\/wp-json\/wp\/v2\/comments?post=1462"}],"version-history":[{"count":10,"href":"https:\/\/purefluence.agency\/fr\/wp-json\/wp\/v2\/pages\/1462\/revisions"}],"predecessor-version":[{"id":1868,"href":"https:\/\/purefluence.agency\/fr\/wp-json\/wp\/v2\/pages\/1462\/revisions\/1868"}],"up":[{"embeddable":true,"href":"https:\/\/purefluence.agency\/fr\/wp-json\/wp\/v2\/pages\/1428"}],"wp:attachment":[{"href":"https:\/\/purefluence.agency\/fr\/wp-json\/wp\/v2\/media?parent=1462"}],"curies":[{"name":"wp","href":"https:\/\/api.w.org\/{rel}","templated":true}]}}